{"id":10607,"date":"2025-03-31T08:15:29","date_gmt":"2025-03-31T08:15:29","guid":{"rendered":"https:\/\/www.stilnovo.com\/collection\/all\/mr-magoo-2-2"},"modified":"2025-05-06T14:27:37","modified_gmt":"2025-05-06T14:27:37","slug":"mr-magoo-2-2","status":"publish","type":"product","link":"https:\/\/stilnovo.trizerolab.it\/fr\/collection\/suspension-fr\/mr-magoo-2-2\/","title":{"rendered":"Mr. Magoo"},"content":{"rendered":"<p>Mr Magoo est une suspension qui flotte dans l\u2019air comme un nuage doux. Ses lignes fluides et enveloppantes apportent une touche de l\u00e9g\u00e8ret\u00e9, cr\u00e9ant une atmosph\u00e8re suspendue entre design et po\u00e9sie.<\/p>\n","protected":false},"featured_media":6232,"template":"","product-category":[81],"class_list":["post-10607","product","type-product","status-publish","has-post-thumbnail","hentry","product-category-suspension-fr"],"acf":[],"_links":{"self":[{"href":"https:\/\/stilnovo.trizerolab.it\/fr\/wp-json\/wp\/v2\/product\/10607","targetHints":{"allow":["GET"]}}],"collection":[{"href":"https:\/\/stilnovo.trizerolab.it\/fr\/wp-json\/wp\/v2\/product"}],"about":[{"href":"https:\/\/stilnovo.trizerolab.it\/fr\/wp-json\/wp\/v2\/types\/product"}],"wp:featuredmedia":[{"embeddable":true,"href":"https:\/\/stilnovo.trizerolab.it\/fr\/wp-json\/wp\/v2\/media\/6232"}],"wp:attachment":[{"href":"https:\/\/stilnovo.trizerolab.it\/fr\/wp-json\/wp\/v2\/media?parent=10607"}],"wp:term":[{"taxonomy":"product-category","embeddable":true,"href":"https:\/\/stilnovo.trizerolab.it\/fr\/wp-json\/wp\/v2\/product-category?post=10607"}],"curies":[{"name":"wp","href":"https:\/\/api.w.org\/{rel}","templated":true}]}}