{"id":10609,"date":"2025-03-31T08:15:29","date_gmt":"2025-03-31T08:15:29","guid":{"rendered":"https:\/\/www.stilnovo.com\/collection\/all\/megafono-2-2"},"modified":"2025-05-06T14:27:37","modified_gmt":"2025-05-06T14:27:37","slug":"megafono-2-2","status":"publish","type":"product","link":"https:\/\/stilnovo.trizerolab.it\/fr\/collection\/suspension-fr\/megafono-2-2\/","title":{"rendered":"Megafono"},"content":{"rendered":"<p>Megafono est une ic\u00f4ne intemporelle, n\u00e9e dans les ann\u00e9es 50 et qui continue aujourd\u2019hui encore \u00e0 d\u00e9finir le style avec sa silhouette \u00e9l\u00e9gante et ses d\u00e9tails impeccables. Une suspension qui illumine avec classe, apportant caract\u00e8re et distinction \u00e0 tout espace. Le design \u00e0 double c\u00f4ne des abat-jour orientables offre une lumi\u00e8re polyvalente, combinant faisceaux directs et reflets diffus pour cr\u00e9er des ambiances chaleureuses et sophistiqu\u00e9es.<\/p>\n","protected":false},"featured_media":6172,"template":"","product-category":[81],"class_list":["post-10609","product","type-product","status-publish","has-post-thumbnail","hentry","product-category-suspension-fr"],"acf":[],"_links":{"self":[{"href":"https:\/\/stilnovo.trizerolab.it\/fr\/wp-json\/wp\/v2\/product\/10609","targetHints":{"allow":["GET"]}}],"collection":[{"href":"https:\/\/stilnovo.trizerolab.it\/fr\/wp-json\/wp\/v2\/product"}],"about":[{"href":"https:\/\/stilnovo.trizerolab.it\/fr\/wp-json\/wp\/v2\/types\/product"}],"wp:featuredmedia":[{"embeddable":true,"href":"https:\/\/stilnovo.trizerolab.it\/fr\/wp-json\/wp\/v2\/media\/6172"}],"wp:attachment":[{"href":"https:\/\/stilnovo.trizerolab.it\/fr\/wp-json\/wp\/v2\/media?parent=10609"}],"wp:term":[{"taxonomy":"product-category","embeddable":true,"href":"https:\/\/stilnovo.trizerolab.it\/fr\/wp-json\/wp\/v2\/product-category?post=10609"}],"curies":[{"name":"wp","href":"https:\/\/api.w.org\/{rel}","templated":true}]}}