{"id":10610,"date":"2025-03-31T08:15:29","date_gmt":"2025-03-31T08:15:29","guid":{"rendered":"https:\/\/www.stilnovo.com\/collection\/all\/luna-2-2"},"modified":"2025-05-06T14:27:37","modified_gmt":"2025-05-06T14:27:37","slug":"luna-2-2","status":"publish","type":"product","link":"https:\/\/stilnovo.trizerolab.it\/fr\/collection\/suspension-fr\/luna-2-2\/","title":{"rendered":"Luna"},"content":{"rendered":"<p>Luna est un trait de lumi\u00e8re qui effleure l\u2019air, suspendue avec gr\u00e2ce et justesse. Un geste de design pur, capable d\u2019apporter une \u00e9l\u00e9gance discr\u00e8te aux espaces les plus exclusifs. Sa lumi\u00e8re, jamais statique, se r\u00e9fl\u00e9chit sur un disque orientable, diffusant une atmosph\u00e8re douce et accueillante.<br \/>\nAu c\u0153ur de Luna, un syst\u00e8me brevet\u00e9 de balancier \u00e0 articulation permet de moduler la projection de la lumi\u00e8re avec naturel et pr\u00e9cision.<\/p>\n","protected":false},"featured_media":6142,"template":"","product-category":[81],"class_list":["post-10610","product","type-product","status-publish","has-post-thumbnail","hentry","product-category-suspension-fr"],"acf":[],"_links":{"self":[{"href":"https:\/\/stilnovo.trizerolab.it\/fr\/wp-json\/wp\/v2\/product\/10610","targetHints":{"allow":["GET"]}}],"collection":[{"href":"https:\/\/stilnovo.trizerolab.it\/fr\/wp-json\/wp\/v2\/product"}],"about":[{"href":"https:\/\/stilnovo.trizerolab.it\/fr\/wp-json\/wp\/v2\/types\/product"}],"wp:featuredmedia":[{"embeddable":true,"href":"https:\/\/stilnovo.trizerolab.it\/fr\/wp-json\/wp\/v2\/media\/6142"}],"wp:attachment":[{"href":"https:\/\/stilnovo.trizerolab.it\/fr\/wp-json\/wp\/v2\/media?parent=10610"}],"wp:term":[{"taxonomy":"product-category","embeddable":true,"href":"https:\/\/stilnovo.trizerolab.it\/fr\/wp-json\/wp\/v2\/product-category?post=10610"}],"curies":[{"name":"wp","href":"https:\/\/api.w.org\/{rel}","templated":true}]}}