{"id":10611,"date":"2025-03-31T08:15:28","date_gmt":"2025-03-31T08:15:28","guid":{"rendered":"https:\/\/www.stilnovo.com\/collection\/all\/lampiatta-2-2"},"modified":"2025-05-06T14:27:37","modified_gmt":"2025-05-06T14:27:37","slug":"lampiatta-2-2","status":"publish","type":"product","link":"https:\/\/stilnovo.trizerolab.it\/fr\/collection\/suspension-fr\/lampiatta-2-2\/","title":{"rendered":"Lampiatta"},"content":{"rendered":"<p>Lampiatta incarne la suspension dans sa forme la plus pure. R\u00e9duite \u00e0 l\u2019essentiel, sans articulation ni m\u00e9canisme superflu, cette lampe est un exercice de simplicit\u00e9 et de design. Un objet intemporel, capable de traverser les tendances sans perdre son caract\u00e8re.<\/p>\n","protected":false},"featured_media":6112,"template":"","product-category":[81],"class_list":["post-10611","product","type-product","status-publish","has-post-thumbnail","hentry","product-category-suspension-fr"],"acf":[],"_links":{"self":[{"href":"https:\/\/stilnovo.trizerolab.it\/fr\/wp-json\/wp\/v2\/product\/10611","targetHints":{"allow":["GET"]}}],"collection":[{"href":"https:\/\/stilnovo.trizerolab.it\/fr\/wp-json\/wp\/v2\/product"}],"about":[{"href":"https:\/\/stilnovo.trizerolab.it\/fr\/wp-json\/wp\/v2\/types\/product"}],"wp:featuredmedia":[{"embeddable":true,"href":"https:\/\/stilnovo.trizerolab.it\/fr\/wp-json\/wp\/v2\/media\/6112"}],"wp:attachment":[{"href":"https:\/\/stilnovo.trizerolab.it\/fr\/wp-json\/wp\/v2\/media?parent=10611"}],"wp:term":[{"taxonomy":"product-category","embeddable":true,"href":"https:\/\/stilnovo.trizerolab.it\/fr\/wp-json\/wp\/v2\/product-category?post=10611"}],"curies":[{"name":"wp","href":"https:\/\/api.w.org\/{rel}","templated":true}]}}