{"id":10612,"date":"2025-03-31T08:15:28","date_gmt":"2025-03-31T08:15:28","guid":{"rendered":"https:\/\/www.stilnovo.com\/collection\/all\/la-mariee-2-2"},"modified":"2025-05-06T14:27:42","modified_gmt":"2025-05-06T14:27:42","slug":"la-mariee-2-2","status":"publish","type":"product","link":"https:\/\/stilnovo.trizerolab.it\/fr\/collection\/suspension-fr\/la-mariee-2-2\/","title":{"rendered":"La Mari\u00e9e"},"content":{"rendered":"<p>La Mari\u00e9e est une parfaite synth\u00e8se entre l\u00e9g\u00e8ret\u00e9 et mati\u00e8re. Une sph\u00e8re en verre souffl\u00e9 qui s\u2019illumine de l\u2019int\u00e9rieur, diffusant une lumi\u00e8re douce et subtile. Les jeux de reflets sur ses surfaces transparentes et m\u00e9talliques cr\u00e9ent une ambiance intime, sublimant chaque espace d\u2019une touche de sophistication raffin\u00e9e.<\/p>\n","protected":false},"featured_media":7502,"template":"","product-category":[81],"class_list":["post-10612","product","type-product","status-publish","has-post-thumbnail","hentry","product-category-suspension-fr"],"acf":[],"_links":{"self":[{"href":"https:\/\/stilnovo.trizerolab.it\/fr\/wp-json\/wp\/v2\/product\/10612","targetHints":{"allow":["GET"]}}],"collection":[{"href":"https:\/\/stilnovo.trizerolab.it\/fr\/wp-json\/wp\/v2\/product"}],"about":[{"href":"https:\/\/stilnovo.trizerolab.it\/fr\/wp-json\/wp\/v2\/types\/product"}],"wp:featuredmedia":[{"embeddable":true,"href":"https:\/\/stilnovo.trizerolab.it\/fr\/wp-json\/wp\/v2\/media\/7502"}],"wp:attachment":[{"href":"https:\/\/stilnovo.trizerolab.it\/fr\/wp-json\/wp\/v2\/media?parent=10612"}],"wp:term":[{"taxonomy":"product-category","embeddable":true,"href":"https:\/\/stilnovo.trizerolab.it\/fr\/wp-json\/wp\/v2\/product-category?post=10612"}],"curies":[{"name":"wp","href":"https:\/\/api.w.org\/{rel}","templated":true}]}}