{"id":10643,"date":"2025-03-31T08:15:28","date_gmt":"2025-03-31T08:15:28","guid":{"rendered":"https:\/\/www.stilnovo.com\/collection\/all\/honey-3"},"modified":"2025-06-06T10:03:20","modified_gmt":"2025-06-06T10:03:20","slug":"honey-3","status":"publish","type":"product","link":"https:\/\/stilnovo.trizerolab.it\/fr\/collection\/suspension-fr\/honey-3\/","title":{"rendered":"Honey"},"content":{"rendered":"<p>Honey explore la relation entre la lumi\u00e8re et la forme \u00e0 travers un langage modulaire. Chaque \u00e9l\u00e9ment s\u2019int\u00e8gre harmonieusement, cr\u00e9ant des structures l\u00e9g\u00e8res et dynamiques. La diffusion lumineuse est pens\u00e9e pour valoriser la tridimensionnalit\u00e9 de la composition, dans un \u00e9quilibre parfait entre \u00e9clairage direct et indirect.<\/p>\n","protected":false},"featured_media":6052,"template":"","product-category":[81],"class_list":["post-10643","product","type-product","status-publish","has-post-thumbnail","hentry","product-category-suspension-fr"],"acf":[],"_links":{"self":[{"href":"https:\/\/stilnovo.trizerolab.it\/fr\/wp-json\/wp\/v2\/product\/10643","targetHints":{"allow":["GET"]}}],"collection":[{"href":"https:\/\/stilnovo.trizerolab.it\/fr\/wp-json\/wp\/v2\/product"}],"about":[{"href":"https:\/\/stilnovo.trizerolab.it\/fr\/wp-json\/wp\/v2\/types\/product"}],"wp:featuredmedia":[{"embeddable":true,"href":"https:\/\/stilnovo.trizerolab.it\/fr\/wp-json\/wp\/v2\/media\/6052"}],"wp:attachment":[{"href":"https:\/\/stilnovo.trizerolab.it\/fr\/wp-json\/wp\/v2\/media?parent=10643"}],"wp:term":[{"taxonomy":"product-category","embeddable":true,"href":"https:\/\/stilnovo.trizerolab.it\/fr\/wp-json\/wp\/v2\/product-category?post=10643"}],"curies":[{"name":"wp","href":"https:\/\/api.w.org\/{rel}","templated":true}]}}