{"id":10644,"date":"2025-03-31T08:15:28","date_gmt":"2025-03-31T08:15:28","guid":{"rendered":"https:\/\/www.stilnovo.com\/collection\/all\/galassia-2-2"},"modified":"2025-05-06T14:27:42","modified_gmt":"2025-05-06T14:27:42","slug":"galassia-2-2","status":"publish","type":"product","link":"https:\/\/stilnovo.trizerolab.it\/fr\/collection\/suspension-fr\/galassia-2-2\/","title":{"rendered":"Galassia"},"content":{"rendered":"<p>Galassia Suspension rend hommage au design des ann\u00e9es 50, un parfait \u00e9quilibre entre forme et fonction. La structure en laiton avec finition dor\u00e9e galvanique s\u2019harmonise parfaitement avec les diffuseurs en verre triplex blanc, cr\u00e9ant ainsi une lampe au caract\u00e8re affirm\u00e9 et sophistiqu\u00e9. Disponible en versions \u00e0 six ou douze lumi\u00e8res, Galassia illumine les espaces avec une \u00e9l\u00e9gance intemporelle.<\/p>\n","protected":false},"featured_media":6022,"template":"","product-category":[81],"class_list":["post-10644","product","type-product","status-publish","has-post-thumbnail","hentry","product-category-suspension-fr"],"acf":[],"_links":{"self":[{"href":"https:\/\/stilnovo.trizerolab.it\/fr\/wp-json\/wp\/v2\/product\/10644","targetHints":{"allow":["GET"]}}],"collection":[{"href":"https:\/\/stilnovo.trizerolab.it\/fr\/wp-json\/wp\/v2\/product"}],"about":[{"href":"https:\/\/stilnovo.trizerolab.it\/fr\/wp-json\/wp\/v2\/types\/product"}],"wp:featuredmedia":[{"embeddable":true,"href":"https:\/\/stilnovo.trizerolab.it\/fr\/wp-json\/wp\/v2\/media\/6022"}],"wp:attachment":[{"href":"https:\/\/stilnovo.trizerolab.it\/fr\/wp-json\/wp\/v2\/media?parent=10644"}],"wp:term":[{"taxonomy":"product-category","embeddable":true,"href":"https:\/\/stilnovo.trizerolab.it\/fr\/wp-json\/wp\/v2\/product-category?post=10644"}],"curies":[{"name":"wp","href":"https:\/\/api.w.org\/{rel}","templated":true}]}}