{"id":10645,"date":"2025-03-31T08:15:28","date_gmt":"2025-03-31T08:15:28","guid":{"rendered":"https:\/\/www.stilnovo.com\/collection\/all\/diphy-2-2"},"modified":"2025-05-06T14:27:42","modified_gmt":"2025-05-06T14:27:42","slug":"diphy-2-2","status":"publish","type":"product","link":"https:\/\/stilnovo.trizerolab.it\/fr\/collection\/suspension-fr\/diphy-2-2\/","title":{"rendered":"Diphy"},"content":{"rendered":"<p>Diphy est une collection de luminaires inspir\u00e9e de la nature, avec des p\u00e9tales transparents et lumineux qui allient une esth\u00e9tique organique \u00e0 une technologie de pointe.<\/p>\n","protected":false},"featured_media":5992,"template":"","product-category":[81],"class_list":["post-10645","product","type-product","status-publish","has-post-thumbnail","hentry","product-category-suspension-fr"],"acf":[],"_links":{"self":[{"href":"https:\/\/stilnovo.trizerolab.it\/fr\/wp-json\/wp\/v2\/product\/10645","targetHints":{"allow":["GET"]}}],"collection":[{"href":"https:\/\/stilnovo.trizerolab.it\/fr\/wp-json\/wp\/v2\/product"}],"about":[{"href":"https:\/\/stilnovo.trizerolab.it\/fr\/wp-json\/wp\/v2\/types\/product"}],"wp:featuredmedia":[{"embeddable":true,"href":"https:\/\/stilnovo.trizerolab.it\/fr\/wp-json\/wp\/v2\/media\/5992"}],"wp:attachment":[{"href":"https:\/\/stilnovo.trizerolab.it\/fr\/wp-json\/wp\/v2\/media?parent=10645"}],"wp:term":[{"taxonomy":"product-category","embeddable":true,"href":"https:\/\/stilnovo.trizerolab.it\/fr\/wp-json\/wp\/v2\/product-category?post=10645"}],"curies":[{"name":"wp","href":"https:\/\/api.w.org\/{rel}","templated":true}]}}