{"id":10646,"date":"2025-03-31T08:15:27","date_gmt":"2025-03-31T08:15:27","guid":{"rendered":"https:\/\/www.stilnovo.com\/collection\/all\/demi-3"},"modified":"2025-05-06T14:27:42","modified_gmt":"2025-05-06T14:27:42","slug":"demi-3","status":"publish","type":"product","link":"https:\/\/stilnovo.trizerolab.it\/fr\/collection\/suspension-fr\/demi-3\/","title":{"rendered":"Dem\u00ec"},"content":{"rendered":"<p>\u00c9teinte, Dem\u00ec se pr\u00e9sente comme un large d\u00f4me transparent, une pr\u00e9sence l\u00e9g\u00e8re et discr\u00e8te dans l\u2019espace. Mais une fois allum\u00e9e, elle r\u00e9v\u00e8le son caract\u00e8re unique : le bord inf\u00e9rieur et les micro-incisions laser diffusent une lumi\u00e8re douce et enveloppante.<\/p>\n","protected":false},"featured_media":5962,"template":"","product-category":[81],"class_list":["post-10646","product","type-product","status-publish","has-post-thumbnail","hentry","product-category-suspension-fr"],"acf":[],"_links":{"self":[{"href":"https:\/\/stilnovo.trizerolab.it\/fr\/wp-json\/wp\/v2\/product\/10646","targetHints":{"allow":["GET"]}}],"collection":[{"href":"https:\/\/stilnovo.trizerolab.it\/fr\/wp-json\/wp\/v2\/product"}],"about":[{"href":"https:\/\/stilnovo.trizerolab.it\/fr\/wp-json\/wp\/v2\/types\/product"}],"wp:featuredmedia":[{"embeddable":true,"href":"https:\/\/stilnovo.trizerolab.it\/fr\/wp-json\/wp\/v2\/media\/5962"}],"wp:attachment":[{"href":"https:\/\/stilnovo.trizerolab.it\/fr\/wp-json\/wp\/v2\/media?parent=10646"}],"wp:term":[{"taxonomy":"product-category","embeddable":true,"href":"https:\/\/stilnovo.trizerolab.it\/fr\/wp-json\/wp\/v2\/product-category?post=10646"}],"curies":[{"name":"wp","href":"https:\/\/api.w.org\/{rel}","templated":true}]}}