{"id":10647,"date":"2025-03-31T08:15:27","date_gmt":"2025-03-31T08:15:27","guid":{"rendered":"https:\/\/www.stilnovo.com\/collection\/all\/campana-2"},"modified":"2025-05-06T14:27:42","modified_gmt":"2025-05-06T14:27:42","slug":"campana-2","status":"publish","type":"product","link":"https:\/\/stilnovo.trizerolab.it\/fr\/collection\/suspension-fr\/campana-2\/","title":{"rendered":"Campana"},"content":{"rendered":"<p>Depuis 1969, Campana incarne l\u2019esprit du style pop, une \u00e9poque de formes audacieuses et de couleurs vibrantes. Toujours actuelle, elle conserve son esth\u00e9tique singuli\u00e8re et le charme d\u2019un design qui a travers\u00e9 les g\u00e9n\u00e9rations. Entre design et fonctionnalit\u00e9, Campana reste une r\u00e9f\u00e9rence incontournable dans l\u2019univers de l\u2019\u00e9clairage. Une pr\u00e9sence embl\u00e9matique qui, \u00e0 l\u2019image de son \u00e9poque, continue de surprendre.<\/p>\n","protected":false},"featured_media":5932,"template":"","product-category":[81],"class_list":["post-10647","product","type-product","status-publish","has-post-thumbnail","hentry","product-category-suspension-fr"],"acf":[],"_links":{"self":[{"href":"https:\/\/stilnovo.trizerolab.it\/fr\/wp-json\/wp\/v2\/product\/10647","targetHints":{"allow":["GET"]}}],"collection":[{"href":"https:\/\/stilnovo.trizerolab.it\/fr\/wp-json\/wp\/v2\/product"}],"about":[{"href":"https:\/\/stilnovo.trizerolab.it\/fr\/wp-json\/wp\/v2\/types\/product"}],"wp:featuredmedia":[{"embeddable":true,"href":"https:\/\/stilnovo.trizerolab.it\/fr\/wp-json\/wp\/v2\/media\/5932"}],"wp:attachment":[{"href":"https:\/\/stilnovo.trizerolab.it\/fr\/wp-json\/wp\/v2\/media?parent=10647"}],"wp:term":[{"taxonomy":"product-category","embeddable":true,"href":"https:\/\/stilnovo.trizerolab.it\/fr\/wp-json\/wp\/v2\/product-category?post=10647"}],"curies":[{"name":"wp","href":"https:\/\/api.w.org\/{rel}","templated":true}]}}