{"id":10648,"date":"2025-03-31T08:15:27","date_gmt":"2025-03-31T08:15:27","guid":{"rendered":"https:\/\/www.stilnovo.com\/collection\/all\/bascula-2"},"modified":"2025-05-06T14:27:42","modified_gmt":"2025-05-06T14:27:42","slug":"bascula-2","status":"publish","type":"product","link":"https:\/\/stilnovo.trizerolab.it\/fr\/collection\/suspension-fr\/bascula-2\/","title":{"rendered":"Bascula"},"content":{"rendered":"<p>Librement inspir\u00e9e du vaisseau Enterprise de la s\u00e9rie TV Star Trek, Bascula est une ic\u00f4ne de l\u00e9g\u00e8ret\u00e9 et d\u2019innovation. Parmi les premi\u00e8res lampes \u00e0 disque fin suspendues par un seul c\u00e2ble, son design minimaliste dissimule un \u00e9quilibre sophistiqu\u00e9.<\/p>\n","protected":false},"featured_media":5907,"template":"","product-category":[81],"class_list":["post-10648","product","type-product","status-publish","has-post-thumbnail","hentry","product-category-suspension-fr"],"acf":[],"_links":{"self":[{"href":"https:\/\/stilnovo.trizerolab.it\/fr\/wp-json\/wp\/v2\/product\/10648","targetHints":{"allow":["GET"]}}],"collection":[{"href":"https:\/\/stilnovo.trizerolab.it\/fr\/wp-json\/wp\/v2\/product"}],"about":[{"href":"https:\/\/stilnovo.trizerolab.it\/fr\/wp-json\/wp\/v2\/types\/product"}],"wp:featuredmedia":[{"embeddable":true,"href":"https:\/\/stilnovo.trizerolab.it\/fr\/wp-json\/wp\/v2\/media\/5907"}],"wp:attachment":[{"href":"https:\/\/stilnovo.trizerolab.it\/fr\/wp-json\/wp\/v2\/media?parent=10648"}],"wp:term":[{"taxonomy":"product-category","embeddable":true,"href":"https:\/\/stilnovo.trizerolab.it\/fr\/wp-json\/wp\/v2\/product-category?post=10648"}],"curies":[{"name":"wp","href":"https:\/\/api.w.org\/{rel}","templated":true}]}}