{"id":10649,"date":"2025-03-31T08:15:27","date_gmt":"2025-03-31T08:15:27","guid":{"rendered":"https:\/\/www.stilnovo.com\/collection\/all\/triedro-4"},"modified":"2025-05-06T14:27:42","modified_gmt":"2025-05-06T14:27:42","slug":"triedro-4","status":"publish","type":"product","link":"https:\/\/stilnovo.trizerolab.it\/fr\/collection\/sol-fr\/triedro-4\/","title":{"rendered":"Triedro"},"content":{"rendered":"<p>Le lampadaire Triedro rappelle les projecteurs des plateaux photo, alliant charme industriel et praticit\u00e9. L\u2019abat-jour en m\u00e9tal, fa\u00e7onn\u00e9 et pli\u00e9 en trois parties, refl\u00e8te la lumi\u00e8re de l\u2019ampoule LED \u00e0 d\u00f4me argent\u00e9, garantissant un \u00e9clairage sans \u00e9blouissement.<\/p>\n","protected":false},"featured_media":8416,"template":"","product-category":[85],"class_list":["post-10649","product","type-product","status-publish","has-post-thumbnail","hentry","product-category-sol-fr"],"acf":[],"_links":{"self":[{"href":"https:\/\/stilnovo.trizerolab.it\/fr\/wp-json\/wp\/v2\/product\/10649","targetHints":{"allow":["GET"]}}],"collection":[{"href":"https:\/\/stilnovo.trizerolab.it\/fr\/wp-json\/wp\/v2\/product"}],"about":[{"href":"https:\/\/stilnovo.trizerolab.it\/fr\/wp-json\/wp\/v2\/types\/product"}],"wp:featuredmedia":[{"embeddable":true,"href":"https:\/\/stilnovo.trizerolab.it\/fr\/wp-json\/wp\/v2\/media\/8416"}],"wp:attachment":[{"href":"https:\/\/stilnovo.trizerolab.it\/fr\/wp-json\/wp\/v2\/media?parent=10649"}],"wp:term":[{"taxonomy":"product-category","embeddable":true,"href":"https:\/\/stilnovo.trizerolab.it\/fr\/wp-json\/wp\/v2\/product-category?post=10649"}],"curies":[{"name":"wp","href":"https:\/\/api.w.org\/{rel}","templated":true}]}}