{"id":10650,"date":"2025-03-31T08:15:27","date_gmt":"2025-03-31T08:15:27","guid":{"rendered":"https:\/\/www.stilnovo.com\/collection\/all\/topo-2-2"},"modified":"2025-05-06T14:27:43","modified_gmt":"2025-05-06T14:27:43","slug":"topo-2-2","status":"publish","type":"product","link":"https:\/\/stilnovo.trizerolab.it\/fr\/collection\/sol-fr\/topo-2-2\/","title":{"rendered":"Topo"},"content":{"rendered":"<p>Topo est un objet design au charme r\u00e9tro, inspir\u00e9 des voitures de sport des ann\u00e9es 60. Les fentes sur l\u2019abat-jour en m\u00e9tal rappellent les prises d\u2019air des v\u00e9hicules d\u2019\u00e9poque, tandis que la forme de l\u2019abat-jour refl\u00e8te l\u2019enveloppe accueillant l\u2019ampoule classique E27, un \u00e9quilibre subtil entre fonctionnalit\u00e9 et esth\u00e9tique.<\/p>\n","protected":false},"featured_media":7838,"template":"","product-category":[85],"class_list":["post-10650","product","type-product","status-publish","has-post-thumbnail","hentry","product-category-sol-fr"],"acf":[],"_links":{"self":[{"href":"https:\/\/stilnovo.trizerolab.it\/fr\/wp-json\/wp\/v2\/product\/10650","targetHints":{"allow":["GET"]}}],"collection":[{"href":"https:\/\/stilnovo.trizerolab.it\/fr\/wp-json\/wp\/v2\/product"}],"about":[{"href":"https:\/\/stilnovo.trizerolab.it\/fr\/wp-json\/wp\/v2\/types\/product"}],"wp:featuredmedia":[{"embeddable":true,"href":"https:\/\/stilnovo.trizerolab.it\/fr\/wp-json\/wp\/v2\/media\/7838"}],"wp:attachment":[{"href":"https:\/\/stilnovo.trizerolab.it\/fr\/wp-json\/wp\/v2\/media?parent=10650"}],"wp:term":[{"taxonomy":"product-category","embeddable":true,"href":"https:\/\/stilnovo.trizerolab.it\/fr\/wp-json\/wp\/v2\/product-category?post=10650"}],"curies":[{"name":"wp","href":"https:\/\/api.w.org\/{rel}","templated":true}]}}