{"id":10683,"date":"2025-03-31T08:15:26","date_gmt":"2025-03-31T08:15:26","guid":{"rendered":"https:\/\/www.stilnovo.com\/collection\/all\/oxygen-3"},"modified":"2025-05-06T14:27:47","modified_gmt":"2025-05-06T14:27:47","slug":"oxygen-3","status":"publish","type":"product","link":"https:\/\/stilnovo.trizerolab.it\/fr\/collection\/sol-fr\/oxygen-3\/","title":{"rendered":"Oxygen"},"content":{"rendered":"<p>La lampe de sol Oxygen est disponible en deux variantes de support : une tige verticale classique et une structure \u00e9l\u00e9gante en arc. Cette double option en fait un choix id\u00e9al pour s\u2019adapter \u00e0 diff\u00e9rents espaces de vie et styles, tout en apportant une touche de sophistication.<\/p>\n","protected":false},"featured_media":8406,"template":"","product-category":[85],"class_list":["post-10683","product","type-product","status-publish","has-post-thumbnail","hentry","product-category-sol-fr"],"acf":[],"_links":{"self":[{"href":"https:\/\/stilnovo.trizerolab.it\/fr\/wp-json\/wp\/v2\/product\/10683","targetHints":{"allow":["GET"]}}],"collection":[{"href":"https:\/\/stilnovo.trizerolab.it\/fr\/wp-json\/wp\/v2\/product"}],"about":[{"href":"https:\/\/stilnovo.trizerolab.it\/fr\/wp-json\/wp\/v2\/types\/product"}],"wp:featuredmedia":[{"embeddable":true,"href":"https:\/\/stilnovo.trizerolab.it\/fr\/wp-json\/wp\/v2\/media\/8406"}],"wp:attachment":[{"href":"https:\/\/stilnovo.trizerolab.it\/fr\/wp-json\/wp\/v2\/media?parent=10683"}],"wp:term":[{"taxonomy":"product-category","embeddable":true,"href":"https:\/\/stilnovo.trizerolab.it\/fr\/wp-json\/wp\/v2\/product-category?post=10683"}],"curies":[{"name":"wp","href":"https:\/\/api.w.org\/{rel}","templated":true}]}}