{"id":10684,"date":"2025-03-31T08:15:26","date_gmt":"2025-03-31T08:15:26","guid":{"rendered":"https:\/\/www.stilnovo.com\/collection\/all\/mr-magoo-4"},"modified":"2025-05-06T14:27:47","modified_gmt":"2025-05-06T14:27:47","slug":"mr-magoo-4","status":"publish","type":"product","link":"https:\/\/stilnovo.trizerolab.it\/fr\/collection\/sol-fr\/mr-magoo-4\/","title":{"rendered":"Mr. Magoo"},"content":{"rendered":"<p>Le lampadaire Mr Magoo se distingue par sa forme \u00e9th\u00e9r\u00e9e et l\u00e9g\u00e8re, semblable \u00e0 un nuage suspendu \u00e0 l\u2019extr\u00e9mit\u00e9 d\u2019une tige courb\u00e9e. Un \u00e9quilibre subtil entre design et po\u00e9sie, qui embellit l\u2019espace avec une \u00e9l\u00e9gance naturelle et surprenante.<\/p>\n","protected":false},"featured_media":5737,"template":"","product-category":[85],"class_list":["post-10684","product","type-product","status-publish","has-post-thumbnail","hentry","product-category-sol-fr"],"acf":[],"_links":{"self":[{"href":"https:\/\/stilnovo.trizerolab.it\/fr\/wp-json\/wp\/v2\/product\/10684","targetHints":{"allow":["GET"]}}],"collection":[{"href":"https:\/\/stilnovo.trizerolab.it\/fr\/wp-json\/wp\/v2\/product"}],"about":[{"href":"https:\/\/stilnovo.trizerolab.it\/fr\/wp-json\/wp\/v2\/types\/product"}],"wp:featuredmedia":[{"embeddable":true,"href":"https:\/\/stilnovo.trizerolab.it\/fr\/wp-json\/wp\/v2\/media\/5737"}],"wp:attachment":[{"href":"https:\/\/stilnovo.trizerolab.it\/fr\/wp-json\/wp\/v2\/media?parent=10684"}],"wp:term":[{"taxonomy":"product-category","embeddable":true,"href":"https:\/\/stilnovo.trizerolab.it\/fr\/wp-json\/wp\/v2\/product-category?post=10684"}],"curies":[{"name":"wp","href":"https:\/\/api.w.org\/{rel}","templated":true}]}}