{"id":10685,"date":"2025-03-31T08:15:26","date_gmt":"2025-03-31T08:15:26","guid":{"rendered":"https:\/\/www.stilnovo.com\/collection\/all\/luna-3"},"modified":"2025-05-06T14:27:47","modified_gmt":"2025-05-06T14:27:47","slug":"luna-3","status":"publish","type":"product","link":"https:\/\/stilnovo.trizerolab.it\/fr\/collection\/sol-fr\/luna-3\/","title":{"rendered":"Luna"},"content":{"rendered":"<p>Le lampadaire Luna incarne une \u00e9l\u00e9gance intemporelle, r\u00e9v\u00e9lant une silhouette conique qui s\u2019affine avec gr\u00e2ce vers la base, comme sculpt\u00e9e par l\u2019air. Sa structure, \u00e0 la fois \u00e9pur\u00e9e et sophistiqu\u00e9e, semble suspendue \u2014 l\u00e9g\u00e8re et immat\u00e9rielle \u2014 d\u00e9fiant la gravit\u00e9 et \u00e9voquant un \u00e9quilibre presque \u00e9th\u00e9r\u00e9. Luna se distingue par une d\u00e9licatesse visuelle qui illumine et sublime l\u2019espace avec discr\u00e9tion, sans jamais s\u2019imposer. Elle trouve naturellement sa place aussi bien dans des d\u00e9cors classiques que dans des environnements au design contemporain. Un objet lumineux qui magnifie la beaut\u00e9 de la simplicit\u00e9 et transforme chaque d\u00e9tail en geste de style.<\/p>\n","protected":false},"featured_media":5707,"template":"","product-category":[85],"class_list":["post-10685","product","type-product","status-publish","has-post-thumbnail","hentry","product-category-sol-fr"],"acf":[],"_links":{"self":[{"href":"https:\/\/stilnovo.trizerolab.it\/fr\/wp-json\/wp\/v2\/product\/10685","targetHints":{"allow":["GET"]}}],"collection":[{"href":"https:\/\/stilnovo.trizerolab.it\/fr\/wp-json\/wp\/v2\/product"}],"about":[{"href":"https:\/\/stilnovo.trizerolab.it\/fr\/wp-json\/wp\/v2\/types\/product"}],"wp:featuredmedia":[{"embeddable":true,"href":"https:\/\/stilnovo.trizerolab.it\/fr\/wp-json\/wp\/v2\/media\/5707"}],"wp:attachment":[{"href":"https:\/\/stilnovo.trizerolab.it\/fr\/wp-json\/wp\/v2\/media?parent=10685"}],"wp:term":[{"taxonomy":"product-category","embeddable":true,"href":"https:\/\/stilnovo.trizerolab.it\/fr\/wp-json\/wp\/v2\/product-category?post=10685"}],"curies":[{"name":"wp","href":"https:\/\/api.w.org\/{rel}","templated":true}]}}