{"id":10686,"date":"2025-03-31T08:15:26","date_gmt":"2025-03-31T08:15:26","guid":{"rendered":"https:\/\/www.stilnovo.com\/collection\/all\/kimia-2"},"modified":"2025-05-06T14:27:47","modified_gmt":"2025-05-06T14:27:47","slug":"kimia-2","status":"publish","type":"product","link":"https:\/\/stilnovo.trizerolab.it\/fr\/collection\/sol-fr\/kimia-2\/","title":{"rendered":"Kimia"},"content":{"rendered":"<p>La lampe Kimia red\u00e9finit l\u2019\u00e9clairage domestique avec un design essentiel et fonctionnel. Son disque lumineux, enti\u00e8rement orientable, peut \u00eatre tourn\u00e9 et d\u00e9plac\u00e9 le long de la tige pour r\u00e9pondre \u00e0 tous les besoins. Lumi\u00e8re d\u2019ambiance douce et diffuse ou \u00e9clairage direct et cibl\u00e9 pour la lecture : Kimia offre des possibilit\u00e9s infinies de personnalisation.<\/p>\n","protected":false},"featured_media":7763,"template":"","product-category":[85],"class_list":["post-10686","product","type-product","status-publish","has-post-thumbnail","hentry","product-category-sol-fr"],"acf":[],"_links":{"self":[{"href":"https:\/\/stilnovo.trizerolab.it\/fr\/wp-json\/wp\/v2\/product\/10686","targetHints":{"allow":["GET"]}}],"collection":[{"href":"https:\/\/stilnovo.trizerolab.it\/fr\/wp-json\/wp\/v2\/product"}],"about":[{"href":"https:\/\/stilnovo.trizerolab.it\/fr\/wp-json\/wp\/v2\/types\/product"}],"wp:featuredmedia":[{"embeddable":true,"href":"https:\/\/stilnovo.trizerolab.it\/fr\/wp-json\/wp\/v2\/media\/7763"}],"wp:attachment":[{"href":"https:\/\/stilnovo.trizerolab.it\/fr\/wp-json\/wp\/v2\/media?parent=10686"}],"wp:term":[{"taxonomy":"product-category","embeddable":true,"href":"https:\/\/stilnovo.trizerolab.it\/fr\/wp-json\/wp\/v2\/product-category?post=10686"}],"curies":[{"name":"wp","href":"https:\/\/api.w.org\/{rel}","templated":true}]}}