{"id":10687,"date":"2025-03-31T08:15:25","date_gmt":"2025-03-31T08:15:25","guid":{"rendered":"https:\/\/www.stilnovo.com\/collection\/all\/galassia-4"},"modified":"2025-05-06T14:27:47","modified_gmt":"2025-05-06T14:27:47","slug":"galassia-4","status":"publish","type":"product","link":"https:\/\/stilnovo.trizerolab.it\/fr\/collection\/sol-fr\/galassia-4\/","title":{"rendered":"Galassia"},"content":{"rendered":"<p>Le lampadaire Galassia transforme chaque espace en un hommage raffin\u00e9 aux ann\u00e9es cinquante, \u00e9poque embl\u00e9matique d\u2019\u00e9l\u00e9gance et d\u2019avant-garde. Ses six sources lumineuses, envelopp\u00e9es dans un pr\u00e9cieux verre triplex blanc souffl\u00e9, s\u2019entrelacent dans un mouvement fluide et harmonieux, \u00e9voquant le charme des galaxies lointaines et la magie du cosmos. Des lignes \u00e9lanc\u00e9es et des d\u00e9tails soign\u00e9s dessinent une silhouette sculpturale, capable de dialoguer avec les espaces les plus exclusifs, des salons bourgeois aux architectures contemporaines.<\/p>\n","protected":false},"featured_media":5652,"template":"","product-category":[85],"class_list":["post-10687","product","type-product","status-publish","has-post-thumbnail","hentry","product-category-sol-fr"],"acf":[],"_links":{"self":[{"href":"https:\/\/stilnovo.trizerolab.it\/fr\/wp-json\/wp\/v2\/product\/10687","targetHints":{"allow":["GET"]}}],"collection":[{"href":"https:\/\/stilnovo.trizerolab.it\/fr\/wp-json\/wp\/v2\/product"}],"about":[{"href":"https:\/\/stilnovo.trizerolab.it\/fr\/wp-json\/wp\/v2\/types\/product"}],"wp:featuredmedia":[{"embeddable":true,"href":"https:\/\/stilnovo.trizerolab.it\/fr\/wp-json\/wp\/v2\/media\/5652"}],"wp:attachment":[{"href":"https:\/\/stilnovo.trizerolab.it\/fr\/wp-json\/wp\/v2\/media?parent=10687"}],"wp:term":[{"taxonomy":"product-category","embeddable":true,"href":"https:\/\/stilnovo.trizerolab.it\/fr\/wp-json\/wp\/v2\/product-category?post=10687"}],"curies":[{"name":"wp","href":"https:\/\/api.w.org\/{rel}","templated":true}]}}