{"id":10688,"date":"2025-03-31T08:15:25","date_gmt":"2025-03-31T08:15:25","guid":{"rendered":"https:\/\/www.stilnovo.com\/collection\/all\/diphy-4"},"modified":"2025-05-06T14:27:47","modified_gmt":"2025-05-06T14:27:47","slug":"diphy-4","status":"publish","type":"product","link":"https:\/\/stilnovo.trizerolab.it\/fr\/collection\/sol-fr\/diphy-4\/","title":{"rendered":"Diphy"},"content":{"rendered":"<p>Diphy est l\u2019union harmonieuse de l\u2019\u00e9l\u00e9gance et de la technologie. Une collection lumineuse qui \u00e9voque la l\u00e9g\u00e8ret\u00e9 des p\u00e9tales, transparents et impalpables, m\u00ealant formes organiques et \u00e2me innovante. Bien plus qu\u2019un design : une exp\u00e9rience esth\u00e9tique et sensorielle unique.<\/p>\n","protected":false},"featured_media":5622,"template":"","product-category":[85],"class_list":["post-10688","product","type-product","status-publish","has-post-thumbnail","hentry","product-category-sol-fr"],"acf":[],"_links":{"self":[{"href":"https:\/\/stilnovo.trizerolab.it\/fr\/wp-json\/wp\/v2\/product\/10688","targetHints":{"allow":["GET"]}}],"collection":[{"href":"https:\/\/stilnovo.trizerolab.it\/fr\/wp-json\/wp\/v2\/product"}],"about":[{"href":"https:\/\/stilnovo.trizerolab.it\/fr\/wp-json\/wp\/v2\/types\/product"}],"wp:featuredmedia":[{"embeddable":true,"href":"https:\/\/stilnovo.trizerolab.it\/fr\/wp-json\/wp\/v2\/media\/5622"}],"wp:attachment":[{"href":"https:\/\/stilnovo.trizerolab.it\/fr\/wp-json\/wp\/v2\/media?parent=10688"}],"wp:term":[{"taxonomy":"product-category","embeddable":true,"href":"https:\/\/stilnovo.trizerolab.it\/fr\/wp-json\/wp\/v2\/product-category?post=10688"}],"curies":[{"name":"wp","href":"https:\/\/api.w.org\/{rel}","templated":true}]}}