{"id":10689,"date":"2025-03-31T08:15:25","date_gmt":"2025-03-31T08:15:25","guid":{"rendered":"https:\/\/www.stilnovo.com\/collection\/all\/demi-moon-2"},"modified":"2025-05-06T14:27:47","modified_gmt":"2025-05-06T14:27:47","slug":"demi-moon-2","status":"publish","type":"product","link":"https:\/\/stilnovo.trizerolab.it\/fr\/collection\/sol-fr\/demi-moon-2\/","title":{"rendered":"Dem\u00ec Moon"},"content":{"rendered":"<p>\u00c9teinte, Dem\u00ed Moon se pr\u00e9sente comme une large coupole en PMMA thermoform\u00e9 transparent. Sa forme \u00e9pur\u00e9e et essentielle, associ\u00e9e \u00e0 la transparence du mat\u00e9riau, lui permet de s\u2019int\u00e9grer naturellement dans diff\u00e9rents environnements sans alourdir l\u2019espace.<\/p>\n","protected":false},"featured_media":8380,"template":"","product-category":[85],"class_list":["post-10689","product","type-product","status-publish","has-post-thumbnail","hentry","product-category-sol-fr"],"acf":[],"_links":{"self":[{"href":"https:\/\/stilnovo.trizerolab.it\/fr\/wp-json\/wp\/v2\/product\/10689","targetHints":{"allow":["GET"]}}],"collection":[{"href":"https:\/\/stilnovo.trizerolab.it\/fr\/wp-json\/wp\/v2\/product"}],"about":[{"href":"https:\/\/stilnovo.trizerolab.it\/fr\/wp-json\/wp\/v2\/types\/product"}],"wp:featuredmedia":[{"embeddable":true,"href":"https:\/\/stilnovo.trizerolab.it\/fr\/wp-json\/wp\/v2\/media\/8380"}],"wp:attachment":[{"href":"https:\/\/stilnovo.trizerolab.it\/fr\/wp-json\/wp\/v2\/media?parent=10689"}],"wp:term":[{"taxonomy":"product-category","embeddable":true,"href":"https:\/\/stilnovo.trizerolab.it\/fr\/wp-json\/wp\/v2\/product-category?post=10689"}],"curies":[{"name":"wp","href":"https:\/\/api.w.org\/{rel}","templated":true}]}}