{"id":10690,"date":"2025-03-31T08:15:25","date_gmt":"2025-03-31T08:15:25","guid":{"rendered":"https:\/\/www.stilnovo.com\/collection\/all\/gravitino541-3"},"modified":"2025-05-06T14:27:48","modified_gmt":"2025-05-06T14:27:48","slug":"gravitino541-3","status":"publish","type":"product","link":"https:\/\/stilnovo.trizerolab.it\/fr\/collection\/table-fr\/gravitino541-3\/","title":{"rendered":"Gravitino541"},"content":{"rendered":"<p>Les sph\u00e8res en m\u00e9tal peint brillant se distinguent par leur capacit\u00e9 \u00e0 s\u2019int\u00e9grer naturellement dans les espaces. Leur pr\u00e9sence, discr\u00e8te mais significative, s\u2019adapte \u00e0 tout environnement, cr\u00e9ant une sensation de l\u00e9g\u00e8ret\u00e9 et de dynamisme.<\/p>\n","protected":false},"featured_media":5562,"template":"","product-category":[89],"class_list":["post-10690","product","type-product","status-publish","has-post-thumbnail","hentry","product-category-table-fr"],"acf":[],"_links":{"self":[{"href":"https:\/\/stilnovo.trizerolab.it\/fr\/wp-json\/wp\/v2\/product\/10690","targetHints":{"allow":["GET"]}}],"collection":[{"href":"https:\/\/stilnovo.trizerolab.it\/fr\/wp-json\/wp\/v2\/product"}],"about":[{"href":"https:\/\/stilnovo.trizerolab.it\/fr\/wp-json\/wp\/v2\/types\/product"}],"wp:featuredmedia":[{"embeddable":true,"href":"https:\/\/stilnovo.trizerolab.it\/fr\/wp-json\/wp\/v2\/media\/5562"}],"wp:attachment":[{"href":"https:\/\/stilnovo.trizerolab.it\/fr\/wp-json\/wp\/v2\/media?parent=10690"}],"wp:term":[{"taxonomy":"product-category","embeddable":true,"href":"https:\/\/stilnovo.trizerolab.it\/fr\/wp-json\/wp\/v2\/product-category?post=10690"}],"curies":[{"name":"wp","href":"https:\/\/api.w.org\/{rel}","templated":true}]}}