{"id":10691,"date":"2025-03-31T08:15:24","date_gmt":"2025-03-31T08:15:24","guid":{"rendered":"https:\/\/www.stilnovo.com\/collection\/all\/lama-3"},"modified":"2025-05-06T14:27:48","modified_gmt":"2025-05-06T14:27:48","slug":"lama-3","status":"publish","type":"product","link":"https:\/\/stilnovo.trizerolab.it\/fr\/collection\/table-fr\/lama-3\/","title":{"rendered":"Lama"},"content":{"rendered":"<p>Lama est une lampe qui combine technologie et design de mani\u00e8re sophistiqu\u00e9e. Son profil mince int\u00e8gre une source lumineuse topLED 9W 3000K, offrant un \u00e9clairage puissant et efficace, ainsi qu&rsquo;un interrupteur soft-touch \u00e0 la base. Cela permet une activation facile au toucher, pour une exp\u00e9rience d&rsquo;utilisation intuitive et pratique.<\/p>\n","protected":false},"featured_media":7733,"template":"","product-category":[89],"class_list":["post-10691","product","type-product","status-publish","has-post-thumbnail","hentry","product-category-table-fr"],"acf":[],"_links":{"self":[{"href":"https:\/\/stilnovo.trizerolab.it\/fr\/wp-json\/wp\/v2\/product\/10691","targetHints":{"allow":["GET"]}}],"collection":[{"href":"https:\/\/stilnovo.trizerolab.it\/fr\/wp-json\/wp\/v2\/product"}],"about":[{"href":"https:\/\/stilnovo.trizerolab.it\/fr\/wp-json\/wp\/v2\/types\/product"}],"wp:featuredmedia":[{"embeddable":true,"href":"https:\/\/stilnovo.trizerolab.it\/fr\/wp-json\/wp\/v2\/media\/7733"}],"wp:attachment":[{"href":"https:\/\/stilnovo.trizerolab.it\/fr\/wp-json\/wp\/v2\/media?parent=10691"}],"wp:term":[{"taxonomy":"product-category","embeddable":true,"href":"https:\/\/stilnovo.trizerolab.it\/fr\/wp-json\/wp\/v2\/product-category?post=10691"}],"curies":[{"name":"wp","href":"https:\/\/api.w.org\/{rel}","templated":true}]}}