{"id":10692,"date":"2025-03-31T08:15:24","date_gmt":"2025-03-31T08:15:24","guid":{"rendered":"https:\/\/www.stilnovo.com\/collection\/all\/buonanotte-2"},"modified":"2025-05-06T14:27:52","modified_gmt":"2025-05-06T14:27:52","slug":"buonanotte-2","status":"publish","type":"product","link":"https:\/\/stilnovo.trizerolab.it\/fr\/collection\/table-fr\/buonanotte-2\/","title":{"rendered":"Buonanotte"},"content":{"rendered":"<p>Buonanotte est une lampe avec une approche ludique et innovante, permettant de moduler l\u2019intensit\u00e9 de la lumi\u00e8re d\u2019un simple geste. Les deux quartines en m\u00e9tal, r\u00e9glables et facilement d\u00e9plac\u00e9es au-dessus du diffuseur sph\u00e9rique, contr\u00f4lent le faisceau lumineux, rendant la lampe id\u00e9ale pour cr\u00e9er l\u2019atmosph\u00e8re parfaite en tout moment. Un design qui transforme l\u2019\u00e9clairage en un jeu de lumi\u00e8res et d\u2019ombres.<\/p>\n","protected":false},"featured_media":8491,"template":"","product-category":[89],"class_list":["post-10692","product","type-product","status-publish","has-post-thumbnail","hentry","product-category-table-fr"],"acf":[],"_links":{"self":[{"href":"https:\/\/stilnovo.trizerolab.it\/fr\/wp-json\/wp\/v2\/product\/10692","targetHints":{"allow":["GET"]}}],"collection":[{"href":"https:\/\/stilnovo.trizerolab.it\/fr\/wp-json\/wp\/v2\/product"}],"about":[{"href":"https:\/\/stilnovo.trizerolab.it\/fr\/wp-json\/wp\/v2\/types\/product"}],"wp:featuredmedia":[{"embeddable":true,"href":"https:\/\/stilnovo.trizerolab.it\/fr\/wp-json\/wp\/v2\/media\/8491"}],"wp:attachment":[{"href":"https:\/\/stilnovo.trizerolab.it\/fr\/wp-json\/wp\/v2\/media?parent=10692"}],"wp:term":[{"taxonomy":"product-category","embeddable":true,"href":"https:\/\/stilnovo.trizerolab.it\/fr\/wp-json\/wp\/v2\/product-category?post=10692"}],"curies":[{"name":"wp","href":"https:\/\/api.w.org\/{rel}","templated":true}]}}