{"id":10723,"date":"2025-03-31T08:15:24","date_gmt":"2025-03-31T08:15:24","guid":{"rendered":"https:\/\/www.stilnovo.com\/collection\/all\/lampiatta-4"},"modified":"2025-05-06T14:27:53","modified_gmt":"2025-05-06T14:27:53","slug":"lampiatta-4","status":"publish","type":"product","link":"https:\/\/stilnovo.trizerolab.it\/fr\/collection\/table-fr\/lampiatta-4\/","title":{"rendered":"Lampiatta"},"content":{"rendered":"<p>Lampiatta repr\u00e9sente un parfait exemple de design fonctionnel et innovant. Sans l&rsquo;utilisation de joints ou de m\u00e9canismes complexes, l\u2019abat-jour peut \u00eatre facilement repositionn\u00e9 dans l&rsquo;une des quatre fentes de la base, permettant une inclinaison et une orientation de la lumi\u00e8re qui s&rsquo;adapte \u00e0 tous les besoins. Un design pratique, privil\u00e9giant la polyvalence et la facilit\u00e9 d&rsquo;utilisation.<\/p>\n","protected":false},"featured_media":5472,"template":"","product-category":[89],"class_list":["post-10723","product","type-product","status-publish","has-post-thumbnail","hentry","product-category-table-fr"],"acf":[],"_links":{"self":[{"href":"https:\/\/stilnovo.trizerolab.it\/fr\/wp-json\/wp\/v2\/product\/10723","targetHints":{"allow":["GET"]}}],"collection":[{"href":"https:\/\/stilnovo.trizerolab.it\/fr\/wp-json\/wp\/v2\/product"}],"about":[{"href":"https:\/\/stilnovo.trizerolab.it\/fr\/wp-json\/wp\/v2\/types\/product"}],"wp:featuredmedia":[{"embeddable":true,"href":"https:\/\/stilnovo.trizerolab.it\/fr\/wp-json\/wp\/v2\/media\/5472"}],"wp:attachment":[{"href":"https:\/\/stilnovo.trizerolab.it\/fr\/wp-json\/wp\/v2\/media?parent=10723"}],"wp:term":[{"taxonomy":"product-category","embeddable":true,"href":"https:\/\/stilnovo.trizerolab.it\/fr\/wp-json\/wp\/v2\/product-category?post=10723"}],"curies":[{"name":"wp","href":"https:\/\/api.w.org\/{rel}","templated":true}]}}