{"id":10724,"date":"2025-03-31T08:15:24","date_gmt":"2025-03-31T08:15:24","guid":{"rendered":"https:\/\/www.stilnovo.com\/collection\/all\/minitopo-2"},"modified":"2025-05-06T14:27:53","modified_gmt":"2025-05-06T14:27:53","slug":"minitopo-2","status":"publish","type":"product","link":"https:\/\/stilnovo.trizerolab.it\/fr\/collection\/table-fr\/minitopo-2\/","title":{"rendered":"Minitopo"},"content":{"rendered":"<p>Minitopo est une lampe qui incarne l&rsquo;\u00e9l\u00e9gance du design automobile des ann\u00e9es 60. Les fentes sur le capot sont un hommage clair aux prises d&rsquo;air des voitures sportives, tandis que l&rsquo;abat-jour enveloppe l&rsquo;ampoule E27, cr\u00e9ant une connexion entre le design industriel et l&rsquo;\u00e9clairage. Le r\u00e9sultat est une lampe unique au caract\u00e8re distinctif et ironique, dont le nom fait r\u00e9f\u00e9rence \u00e0 une forme \u00e9voquant une petite souris.<\/p>\n","protected":false},"featured_media":8461,"template":"","product-category":[89],"class_list":["post-10724","product","type-product","status-publish","has-post-thumbnail","hentry","product-category-table-fr"],"acf":[],"_links":{"self":[{"href":"https:\/\/stilnovo.trizerolab.it\/fr\/wp-json\/wp\/v2\/product\/10724","targetHints":{"allow":["GET"]}}],"collection":[{"href":"https:\/\/stilnovo.trizerolab.it\/fr\/wp-json\/wp\/v2\/product"}],"about":[{"href":"https:\/\/stilnovo.trizerolab.it\/fr\/wp-json\/wp\/v2\/types\/product"}],"wp:featuredmedia":[{"embeddable":true,"href":"https:\/\/stilnovo.trizerolab.it\/fr\/wp-json\/wp\/v2\/media\/8461"}],"wp:attachment":[{"href":"https:\/\/stilnovo.trizerolab.it\/fr\/wp-json\/wp\/v2\/media?parent=10724"}],"wp:term":[{"taxonomy":"product-category","embeddable":true,"href":"https:\/\/stilnovo.trizerolab.it\/fr\/wp-json\/wp\/v2\/product-category?post=10724"}],"curies":[{"name":"wp","href":"https:\/\/api.w.org\/{rel}","templated":true}]}}