{"id":10725,"date":"2025-03-31T08:15:24","date_gmt":"2025-03-31T08:15:24","guid":{"rendered":"https:\/\/www.stilnovo.com\/collection\/all\/megafono-4"},"modified":"2025-05-06T14:27:53","modified_gmt":"2025-05-06T14:27:53","slug":"megafono-4","status":"publish","type":"product","link":"https:\/\/stilnovo.trizerolab.it\/fr\/collection\/table-fr\/megafono-4\/","title":{"rendered":"Megafono"},"content":{"rendered":"<p>Megafono, con\u00e7u en 1958 par Stilnovo, est un symbole intemporel du design des ann\u00e9es cinquante. Avec ses lignes \u00e9l\u00e9gantes et ses mat\u00e9riaux pr\u00e9cieux, cette lampe continue d\u2019impressionner par son charme \u00e9ternel.<\/p>\n","protected":false},"featured_media":5427,"template":"","product-category":[89],"class_list":["post-10725","product","type-product","status-publish","has-post-thumbnail","hentry","product-category-table-fr"],"acf":[],"_links":{"self":[{"href":"https:\/\/stilnovo.trizerolab.it\/fr\/wp-json\/wp\/v2\/product\/10725","targetHints":{"allow":["GET"]}}],"collection":[{"href":"https:\/\/stilnovo.trizerolab.it\/fr\/wp-json\/wp\/v2\/product"}],"about":[{"href":"https:\/\/stilnovo.trizerolab.it\/fr\/wp-json\/wp\/v2\/types\/product"}],"wp:featuredmedia":[{"embeddable":true,"href":"https:\/\/stilnovo.trizerolab.it\/fr\/wp-json\/wp\/v2\/media\/5427"}],"wp:attachment":[{"href":"https:\/\/stilnovo.trizerolab.it\/fr\/wp-json\/wp\/v2\/media?parent=10725"}],"wp:term":[{"taxonomy":"product-category","embeddable":true,"href":"https:\/\/stilnovo.trizerolab.it\/fr\/wp-json\/wp\/v2\/product-category?post=10725"}],"curies":[{"name":"wp","href":"https:\/\/api.w.org\/{rel}","templated":true}]}}