{"id":10727,"date":"2025-03-31T08:15:23","date_gmt":"2025-03-31T08:15:23","guid":{"rendered":"https:\/\/www.stilnovo.com\/collection\/all\/minibox-3"},"modified":"2025-05-06T14:27:53","modified_gmt":"2025-05-06T14:27:53","slug":"minibox-3","status":"publish","type":"product","link":"https:\/\/stilnovo.trizerolab.it\/fr\/collection\/table-fr\/minibox-3\/","title":{"rendered":"Minibox"},"content":{"rendered":"<p>Con\u00e7ue en 1981, la lampe de table Minibox est un chef-d\u2019\u0153uvre de design \u00e0 la fois essentiel et ironique, fruit de la collaboration entre deux grands ma\u00eetres du design italien : Gae Aulenti et Piero Castiglioni. Objet d\u2019une rare intelligence conceptuelle, Minibox associe rigueur technique et l\u00e9g\u00e8ret\u00e9 expressive, revisitant avec espi\u00e8glerie le th\u00e8me de la lampe de travail. Une ic\u00f4ne \u00e9rudite et polyvalente qui incarne une nouvelle vision de l\u2019espace domestique, entre fonction et narration.<\/p>\n","protected":false},"featured_media":5367,"template":"","product-category":[89],"class_list":["post-10727","product","type-product","status-publish","has-post-thumbnail","hentry","product-category-table-fr"],"acf":[],"_links":{"self":[{"href":"https:\/\/stilnovo.trizerolab.it\/fr\/wp-json\/wp\/v2\/product\/10727","targetHints":{"allow":["GET"]}}],"collection":[{"href":"https:\/\/stilnovo.trizerolab.it\/fr\/wp-json\/wp\/v2\/product"}],"about":[{"href":"https:\/\/stilnovo.trizerolab.it\/fr\/wp-json\/wp\/v2\/types\/product"}],"wp:featuredmedia":[{"embeddable":true,"href":"https:\/\/stilnovo.trizerolab.it\/fr\/wp-json\/wp\/v2\/media\/5367"}],"wp:attachment":[{"href":"https:\/\/stilnovo.trizerolab.it\/fr\/wp-json\/wp\/v2\/media?parent=10727"}],"wp:term":[{"taxonomy":"product-category","embeddable":true,"href":"https:\/\/stilnovo.trizerolab.it\/fr\/wp-json\/wp\/v2\/product-category?post=10727"}],"curies":[{"name":"wp","href":"https:\/\/api.w.org\/{rel}","templated":true}]}}