{"id":10728,"date":"2025-03-31T08:15:23","date_gmt":"2025-03-31T08:15:23","guid":{"rendered":"https:\/\/www.stilnovo.com\/collection\/all\/fante-3"},"modified":"2025-05-06T14:27:53","modified_gmt":"2025-05-06T14:27:53","slug":"fante-3","status":"publish","type":"product","link":"https:\/\/stilnovo.trizerolab.it\/fr\/collection\/table-fr\/fante-3\/","title":{"rendered":"Fante"},"content":{"rendered":"<p>Con\u00e7ue en 1978 par Jonathan De Pas, Donato D\u2019Urbino et Paolo Lomazzi, Fante est une lampe de table qui associe esth\u00e9tique raffin\u00e9e et fonctionnalit\u00e9. Une synth\u00e8se parfaite de design intemporel et de libert\u00e9 expressive.<\/p>\n","protected":false},"featured_media":5337,"template":"","product-category":[89],"class_list":["post-10728","product","type-product","status-publish","has-post-thumbnail","hentry","product-category-table-fr"],"acf":[],"_links":{"self":[{"href":"https:\/\/stilnovo.trizerolab.it\/fr\/wp-json\/wp\/v2\/product\/10728","targetHints":{"allow":["GET"]}}],"collection":[{"href":"https:\/\/stilnovo.trizerolab.it\/fr\/wp-json\/wp\/v2\/product"}],"about":[{"href":"https:\/\/stilnovo.trizerolab.it\/fr\/wp-json\/wp\/v2\/types\/product"}],"wp:featuredmedia":[{"embeddable":true,"href":"https:\/\/stilnovo.trizerolab.it\/fr\/wp-json\/wp\/v2\/media\/5337"}],"wp:attachment":[{"href":"https:\/\/stilnovo.trizerolab.it\/fr\/wp-json\/wp\/v2\/media?parent=10728"}],"wp:term":[{"taxonomy":"product-category","embeddable":true,"href":"https:\/\/stilnovo.trizerolab.it\/fr\/wp-json\/wp\/v2\/product-category?post=10728"}],"curies":[{"name":"wp","href":"https:\/\/api.w.org\/{rel}","templated":true}]}}