{"id":10731,"date":"2025-03-31T08:15:23","date_gmt":"2025-03-31T08:15:23","guid":{"rendered":"https:\/\/www.stilnovo.com\/collection\/all\/valigia-2"},"modified":"2025-05-06T14:27:53","modified_gmt":"2025-05-06T14:27:53","slug":"valigia-2","status":"publish","type":"product","link":"https:\/\/stilnovo.trizerolab.it\/fr\/collection\/table-fr\/valigia-2\/","title":{"rendered":"Valigia"},"content":{"rendered":"<p>La lampe de table Valigia, con\u00e7ue en 1977 par Ettore Sottsass, l\u2019un des grands ma\u00eetres du design du XXe si\u00e8cle, incarne un geste libre et irr\u00e9v\u00e9rencieux qui d\u00e9fie les conventions de la forme et de la fonction. Avec son esprit ironique et sa puissance expressive, Valigia red\u00e9finit la notion m\u00eame d\u2019objet lumineux, alliant rigueur conceptuelle et l\u00e9g\u00e8ret\u00e9 informelle. Une ic\u00f4ne intemporelle, destin\u00e9e \u00e0 ceux qui savent percevoir dans l\u2019innovation une valeur \u00e9ternelle.<\/p>\n","protected":false},"featured_media":5252,"template":"","product-category":[89],"class_list":["post-10731","product","type-product","status-publish","has-post-thumbnail","hentry","product-category-table-fr"],"acf":[],"_links":{"self":[{"href":"https:\/\/stilnovo.trizerolab.it\/fr\/wp-json\/wp\/v2\/product\/10731","targetHints":{"allow":["GET"]}}],"collection":[{"href":"https:\/\/stilnovo.trizerolab.it\/fr\/wp-json\/wp\/v2\/product"}],"about":[{"href":"https:\/\/stilnovo.trizerolab.it\/fr\/wp-json\/wp\/v2\/types\/product"}],"wp:featuredmedia":[{"embeddable":true,"href":"https:\/\/stilnovo.trizerolab.it\/fr\/wp-json\/wp\/v2\/media\/5252"}],"wp:attachment":[{"href":"https:\/\/stilnovo.trizerolab.it\/fr\/wp-json\/wp\/v2\/media?parent=10731"}],"wp:term":[{"taxonomy":"product-category","embeddable":true,"href":"https:\/\/stilnovo.trizerolab.it\/fr\/wp-json\/wp\/v2\/product-category?post=10731"}],"curies":[{"name":"wp","href":"https:\/\/api.w.org\/{rel}","templated":true}]}}