{"id":10732,"date":"2025-03-31T08:15:22","date_gmt":"2025-03-31T08:15:22","guid":{"rendered":"https:\/\/www.stilnovo.com\/collection\/all\/meta-2"},"modified":"2025-05-06T14:27:57","modified_gmt":"2025-05-06T14:27:57","slug":"meta-2","status":"publish","type":"product","link":"https:\/\/stilnovo.trizerolab.it\/fr\/collection\/table-fr\/meta-2\/","title":{"rendered":"Meta"},"content":{"rendered":"<p>La lampe de table Meta est une ic\u00f4ne du design italien, cr\u00e9\u00e9e par Stilnovo dans les ann\u00e9es 1970. Sa forme simple et raffin\u00e9e est un exemple parfait de design intemporel, toujours appr\u00e9ci\u00e9 aujourd&rsquo;hui pour son \u00e9l\u00e9gance et sa puret\u00e9.<\/p>\n","protected":false},"featured_media":8431,"template":"","product-category":[89],"class_list":["post-10732","product","type-product","status-publish","has-post-thumbnail","hentry","product-category-table-fr"],"acf":[],"_links":{"self":[{"href":"https:\/\/stilnovo.trizerolab.it\/fr\/wp-json\/wp\/v2\/product\/10732","targetHints":{"allow":["GET"]}}],"collection":[{"href":"https:\/\/stilnovo.trizerolab.it\/fr\/wp-json\/wp\/v2\/product"}],"about":[{"href":"https:\/\/stilnovo.trizerolab.it\/fr\/wp-json\/wp\/v2\/types\/product"}],"wp:featuredmedia":[{"embeddable":true,"href":"https:\/\/stilnovo.trizerolab.it\/fr\/wp-json\/wp\/v2\/media\/8431"}],"wp:attachment":[{"href":"https:\/\/stilnovo.trizerolab.it\/fr\/wp-json\/wp\/v2\/media?parent=10732"}],"wp:term":[{"taxonomy":"product-category","embeddable":true,"href":"https:\/\/stilnovo.trizerolab.it\/fr\/wp-json\/wp\/v2\/product-category?post=10732"}],"curies":[{"name":"wp","href":"https:\/\/api.w.org\/{rel}","templated":true}]}}