{"id":10763,"date":"2025-03-31T08:15:22","date_gmt":"2025-03-31T08:15:22","guid":{"rendered":"https:\/\/www.stilnovo.com\/collection\/all\/bugia-3"},"modified":"2025-05-06T14:27:58","modified_gmt":"2025-05-06T14:27:58","slug":"bugia-3","status":"publish","type":"product","link":"https:\/\/stilnovo.trizerolab.it\/fr\/collection\/table-fr\/bugia-3\/","title":{"rendered":"Bugia"},"content":{"rendered":"<p>La lampe de table Bugia, con\u00e7ue en 1977 par Roberto Beretta et Antonio Macchi Cassia, est une expression raffin\u00e9e de simplicit\u00e9 et de g\u00e9nie. Son design \u00e9pur\u00e9 et \u00e9vocateur s\u2019inspire des porte-bougies traditionnels \u00e0 anse, objets empreints de m\u00e9moire et de rituel domestique. Bugia r\u00e9interpr\u00e8te avec une sensibilit\u00e9 contemporaine un arch\u00e9type de la culture mat\u00e9rielle, le transformant en un \u00e9l\u00e9ment lumineux qui conjugue fonction et \u00e9motion, pour ceux qui savent appr\u00e9cier la po\u00e9sie discr\u00e8te d\u2019un geste quotidien.<\/p>\n","protected":false},"featured_media":8055,"template":"","product-category":[89],"class_list":["post-10763","product","type-product","status-publish","has-post-thumbnail","hentry","product-category-table-fr"],"acf":[],"_links":{"self":[{"href":"https:\/\/stilnovo.trizerolab.it\/fr\/wp-json\/wp\/v2\/product\/10763","targetHints":{"allow":["GET"]}}],"collection":[{"href":"https:\/\/stilnovo.trizerolab.it\/fr\/wp-json\/wp\/v2\/product"}],"about":[{"href":"https:\/\/stilnovo.trizerolab.it\/fr\/wp-json\/wp\/v2\/types\/product"}],"wp:featuredmedia":[{"embeddable":true,"href":"https:\/\/stilnovo.trizerolab.it\/fr\/wp-json\/wp\/v2\/media\/8055"}],"wp:attachment":[{"href":"https:\/\/stilnovo.trizerolab.it\/fr\/wp-json\/wp\/v2\/media?parent=10763"}],"wp:term":[{"taxonomy":"product-category","embeddable":true,"href":"https:\/\/stilnovo.trizerolab.it\/fr\/wp-json\/wp\/v2\/product-category?post=10763"}],"curies":[{"name":"wp","href":"https:\/\/api.w.org\/{rel}","templated":true}]}}