{"id":10764,"date":"2025-03-31T08:15:22","date_gmt":"2025-03-31T08:15:22","guid":{"rendered":"https:\/\/www.stilnovo.com\/collection\/all\/periscopio-3"},"modified":"2025-05-06T14:27:58","modified_gmt":"2025-05-06T14:27:58","slug":"periscopio-3","status":"publish","type":"product","link":"https:\/\/stilnovo.trizerolab.it\/fr\/collection\/table-fr\/periscopio-3\/","title":{"rendered":"Periscopio"},"content":{"rendered":"<p>La lampe de table Periscopio, con\u00e7ue en 1967 pendant l\u2019\u00e2ge d\u2019or de la \u00ab space age \u00bb, incarne l\u2019une des expressions les plus authentiques de cette \u00e9poque anim\u00e9e par une cr\u00e9ativit\u00e9 suspendue entre innovation et vision. Inspir\u00e9e par la fascination de l\u2019exploration spatiale, Periscopio refl\u00e8te un formalisme rigoureux et une sobri\u00e9t\u00e9 qui d\u00e9passent le temps et les modes. Objet embl\u00e9matique de notre tradition, elle marie avec ma\u00eetrise fonction et po\u00e9sie industrielle, conservant intacte sa capacit\u00e9 \u00e0 dialoguer avec les int\u00e9rieurs les plus raffin\u00e9s et avec ceux qui savent reconna\u00eetre la v\u00e9ritable valeur de la recherche en design.<\/p>\n","protected":false},"featured_media":5162,"template":"","product-category":[89],"class_list":["post-10764","product","type-product","status-publish","has-post-thumbnail","hentry","product-category-table-fr"],"acf":[],"_links":{"self":[{"href":"https:\/\/stilnovo.trizerolab.it\/fr\/wp-json\/wp\/v2\/product\/10764","targetHints":{"allow":["GET"]}}],"collection":[{"href":"https:\/\/stilnovo.trizerolab.it\/fr\/wp-json\/wp\/v2\/product"}],"about":[{"href":"https:\/\/stilnovo.trizerolab.it\/fr\/wp-json\/wp\/v2\/types\/product"}],"wp:featuredmedia":[{"embeddable":true,"href":"https:\/\/stilnovo.trizerolab.it\/fr\/wp-json\/wp\/v2\/media\/5162"}],"wp:attachment":[{"href":"https:\/\/stilnovo.trizerolab.it\/fr\/wp-json\/wp\/v2\/media?parent=10764"}],"wp:term":[{"taxonomy":"product-category","embeddable":true,"href":"https:\/\/stilnovo.trizerolab.it\/fr\/wp-json\/wp\/v2\/product-category?post=10764"}],"curies":[{"name":"wp","href":"https:\/\/api.w.org\/{rel}","templated":true}]}}