{"id":10765,"date":"2025-03-31T08:15:22","date_gmt":"2025-03-31T08:15:22","guid":{"rendered":"https:\/\/www.stilnovo.com\/collection\/all\/halley-2"},"modified":"2025-05-06T14:27:58","modified_gmt":"2025-05-06T14:27:58","slug":"halley-2","status":"publish","type":"product","link":"https:\/\/stilnovo.trizerolab.it\/fr\/collection\/table-fr\/halley-2\/","title":{"rendered":"Halley"},"content":{"rendered":"<p>Halley est une structure orbitale qui permet litt\u00e9ralement tous les mouvements possibles, en restant immobile dans sa position, en d\u00e9pla\u00e7ant la t\u00eate de la lampe et en n&rsquo;utilisant qu&rsquo;une seule main. Avec pas moins de 6 articulations et 360 degr\u00e9s de rotation pour chacune d&rsquo;entre elles, la lampe peut se d\u00e9placer librement dans un espace tridimensionnel. La boule sert de balancier pour l&rsquo;ensemble du poids de l&rsquo;appareil, ce qui assure sa stabilit\u00e9.<\/p>\n","protected":false},"featured_media":5132,"template":"","product-category":[89],"class_list":["post-10765","product","type-product","status-publish","has-post-thumbnail","hentry","product-category-table-fr"],"acf":[],"_links":{"self":[{"href":"https:\/\/stilnovo.trizerolab.it\/fr\/wp-json\/wp\/v2\/product\/10765","targetHints":{"allow":["GET"]}}],"collection":[{"href":"https:\/\/stilnovo.trizerolab.it\/fr\/wp-json\/wp\/v2\/product"}],"about":[{"href":"https:\/\/stilnovo.trizerolab.it\/fr\/wp-json\/wp\/v2\/types\/product"}],"wp:featuredmedia":[{"embeddable":true,"href":"https:\/\/stilnovo.trizerolab.it\/fr\/wp-json\/wp\/v2\/media\/5132"}],"wp:attachment":[{"href":"https:\/\/stilnovo.trizerolab.it\/fr\/wp-json\/wp\/v2\/media?parent=10765"}],"wp:term":[{"taxonomy":"product-category","embeddable":true,"href":"https:\/\/stilnovo.trizerolab.it\/fr\/wp-json\/wp\/v2\/product-category?post=10765"}],"curies":[{"name":"wp","href":"https:\/\/api.w.org\/{rel}","templated":true}]}}