{"id":10766,"date":"2025-03-31T08:15:22","date_gmt":"2025-03-31T08:15:22","guid":{"rendered":"https:\/\/www.stilnovo.com\/collection\/all\/torino-2"},"modified":"2025-05-06T14:27:58","modified_gmt":"2025-05-06T14:27:58","slug":"torino-2","status":"publish","type":"product","link":"https:\/\/stilnovo.trizerolab.it\/fr\/collection\/table-fr\/torino-2\/","title":{"rendered":"Torino"},"content":{"rendered":"<p>Torino est l\u2019alliance parfaite entre le style, l\u2019\u00e9l\u00e9gance et la polyvalence, pens\u00e9e pour s\u2019adapter \u00e0 n\u2019importe quel espace, professionnels comme r\u00e9sidentiels. Id\u00e9ale \u00e0 poser, pour les bureaux, les \u00e9tag\u00e8res ou au mur, la lampe se distingue par sa silhouette raffin\u00e9e et son bras articul\u00e9 \u00e0 t\u00eate orientable dot\u00e9e d\u2019un variateur tactile, qui peut \u00eatre associ\u00e9e au choix \u00e0 la base ronde solide, l\u2019\u00e9tau ou le support mural. Enti\u00e8rement personnalisable, elle est disponible en six finitions, \u00e0 associer dans des configurations monochromes ou bicolores.<\/p>\n","protected":false},"featured_media":7628,"template":"","product-category":[93,89],"class_list":["post-10766","product","type-product","status-publish","has-post-thumbnail","hentry","product-category-new-in-fr","product-category-table-fr"],"acf":[],"_links":{"self":[{"href":"https:\/\/stilnovo.trizerolab.it\/fr\/wp-json\/wp\/v2\/product\/10766","targetHints":{"allow":["GET"]}}],"collection":[{"href":"https:\/\/stilnovo.trizerolab.it\/fr\/wp-json\/wp\/v2\/product"}],"about":[{"href":"https:\/\/stilnovo.trizerolab.it\/fr\/wp-json\/wp\/v2\/types\/product"}],"wp:featuredmedia":[{"embeddable":true,"href":"https:\/\/stilnovo.trizerolab.it\/fr\/wp-json\/wp\/v2\/media\/7628"}],"wp:attachment":[{"href":"https:\/\/stilnovo.trizerolab.it\/fr\/wp-json\/wp\/v2\/media?parent=10766"}],"wp:term":[{"taxonomy":"product-category","embeddable":true,"href":"https:\/\/stilnovo.trizerolab.it\/fr\/wp-json\/wp\/v2\/product-category?post=10766"}],"curies":[{"name":"wp","href":"https:\/\/api.w.org\/{rel}","templated":true}]}}