{"id":10935,"date":"2025-04-30T09:43:22","date_gmt":"2025-04-30T09:43:22","guid":{"rendered":"https:\/\/www.stilnovo.com\/collection\/all\/oxygen-3-2"},"modified":"2025-05-06T14:27:22","modified_gmt":"2025-05-06T14:27:22","slug":"oxygen-3-2","status":"publish","type":"product","link":"https:\/\/stilnovo.trizerolab.it\/fr\/collection\/suspension-fr\/oxygen-3-2\/","title":{"rendered":"Oxygen"},"content":{"rendered":"<p>Oxygen r\u00e9interpr\u00e8te la forme arch\u00e9typale de l\u2019abat-jour dans une vision contemporaine, en la transformant en une ic\u00f4ne d\u2019\u00e9quilibre et de pr\u00e9cision formelle. Son profil familier et rassurant est d\u00e9clin\u00e9 avec des proportions harmonieuses dans toutes les versions de la collection, donnant naissance \u00e0 une gamme \u00e9tendue, polyvalente et transversale.<\/p>\n","protected":false},"featured_media":10927,"template":"","product-category":[81],"class_list":["post-10935","product","type-product","status-publish","has-post-thumbnail","hentry","product-category-suspension-fr"],"acf":[],"_links":{"self":[{"href":"https:\/\/stilnovo.trizerolab.it\/fr\/wp-json\/wp\/v2\/product\/10935","targetHints":{"allow":["GET"]}}],"collection":[{"href":"https:\/\/stilnovo.trizerolab.it\/fr\/wp-json\/wp\/v2\/product"}],"about":[{"href":"https:\/\/stilnovo.trizerolab.it\/fr\/wp-json\/wp\/v2\/types\/product"}],"wp:featuredmedia":[{"embeddable":true,"href":"https:\/\/stilnovo.trizerolab.it\/fr\/wp-json\/wp\/v2\/media\/10927"}],"wp:attachment":[{"href":"https:\/\/stilnovo.trizerolab.it\/fr\/wp-json\/wp\/v2\/media?parent=10935"}],"wp:term":[{"taxonomy":"product-category","embeddable":true,"href":"https:\/\/stilnovo.trizerolab.it\/fr\/wp-json\/wp\/v2\/product-category?post=10935"}],"curies":[{"name":"wp","href":"https:\/\/api.w.org\/{rel}","templated":true}]}}